{"id":6862,"date":"2018-07-13T13:32:37","date_gmt":"2018-07-13T13:32:37","guid":{"rendered":"http:\/\/www.accademiasilviodamico.it\/?page_id=6862"},"modified":"2024-01-19T11:30:22","modified_gmt":"2024-01-19T10:30:22","slug":"acting-course-bachelor","status":"publish","type":"page","link":"https:\/\/www.accademiasilviodamico.it\/en\/accademic-courses\/acting-course-bachelor\/","title":{"rendered":"Acting Course bachelor"},"content":{"rendered":"<p>L&#8217;Accademia \u00e8 l&#8217;unica istituzione pubblica di istruzione superiore in Italia destinata a corsi di formazione di attori e registi, \u00e8 finanziata dal Ministero dell&#8217;Universit\u00e0 e della Ricerca e dal Ministero per i Beni e le Attivit\u00e0 Culturali e il Turismo.<\/p>\n<p>Silvio d&#8217;Amico\u00a0fond\u00f2 non soltanto l&#8217;Accademia d&#8217;Arte Drammatica, ma anche un&#8217;idea di teatro: superando il modello teatrale incentrato esclusivamente sull&#8217;arte del grande attore, introdusse l&#8217;interpretazione moderna, basata sull&#8217;armonica relazione di tutti gli elementi che contribuiscono a formare uno spettacolo. Da qui il concetto di &#8220;regia&#8221;, che l&#8217;Accademia ebbe il merito di importare nel panorama teatrale italiano. L\u00b4Istituzione, d\u00b4avanguardia sin dall&#8217;origine, \u00e8 tuttora in continua trasformazione, aperta e pronta ad accogliere le esperienze e le ricerche espressive pi\u00f9 diverse, nella convinzione che il confronto con poetiche e scelte stilistiche anche lontane sia un arricchimento di ogni percorso formativo. Nei suoi ottant\u00b4anni di vita, l\u00b4Accademia ha visto generazioni di artisti affermarsi nel panorama nazionale e internazionale contribuendo cos\u00ec al prestigio non solo del teatro ma anche del cinema italiano.<\/p>\n<p>Tra gli attori che si sono formati in Accademia:\u00a0<strong>Anna Magnani, Vittorio Gassman, Nino Manfredi, Tino Buazzelli, Paolo Panelli, Bice Valori, Rossella Falk, Gianrico Tedeschi, Glauco Mauri, Monica Vitti, Ilaria Occhini, Gian Maria Volont\u00e8, Umberto Orsini, Roberto Herlitzka, Carlo Cecchi, Giancarlo Giannini, Michele Placido, Remo Girone, Anna Marchesini, Sergio Castellitto, Margaret Mazzantini, Sergio Rubini, Massimo Popolizio, Maria Paiato, Luca Zingaretti, Margherita Buy, Sabina Guzzanti, Alessio Boni, Luigi Lo Cascio, Fabrizio Gifuni, Pierfrancesco Favino, Claudio Gio\u00e8, Lino Guanciale, Francesco Montanari, Francesco Scianna, Michele Riondino, Luca Marinelli, Silvia d&#8217;Amico, Lucrezia Guidone, Fabrizio Falco<\/strong>\u00a0e<strong>\u00a0Marco Palvetti.<\/strong><\/p>\n<p>Per accedere al corso triennale di Recitazione \u00e8 previsto un esame di ammissione a numero chiuso disciplinato da apposito bando di concorso, che viene pubblicato di anno in anno sul sito web istituzionale. Il Consiglio Accademico dell\u2019Istituzione programma il numero degli allievi ammissibili, le modalit\u00e0 di selezione per l\u2019ammissione al corso ed i criteri di valutazione delle prove selettive. Il corso prevede l\u2019obbligo di frequenza a tutte le materie e l\u2019obbligo di partecipazione a tutte le attivit\u00e0 formative, di ricerca e di spettacolo programmate dall\u2019Accademia.<br \/>\nAl termine del corso di studi di Recitazione si consegue il Diploma Accademico di I livello in Recitazione ( codice DADPL02), equipollente ad un Laurea di primo livello della classe L-3 (Laurea triennale in Discipline delle arti figurative, della musica, dello spettacolo e della moda).<\/p>\n<p>I candidati ammessi all\u2019Accademia possono beneficiare dei servizi per il diritto agli studi universitari (borse di studio, mensa, residenze e contributo alloggio) partecipando al bando LAZIODISU entro i termini stabiliti dall\u2019Ente regionale.<\/p>\n","protected":false},"excerpt":{"rendered":"<p>L&#8217;Accademia \u00e8 l&#8217;unica istituzione pubblica di istruzione superiore in Italia destinata a corsi di formazione di attori e registi, \u00e8&#8230;<\/p>\n","protected":false},"author":5,"featured_media":0,"parent":6867,"menu_order":0,"comment_status":"closed","ping_status":"closed","template":"page-templates\/course.php","meta":{"_acf_changed":false,"footnotes":""},"class_list":["post-6862","page","type-page","status-publish","hentry"],"acf":[],"_links":{"self":[{"href":"https:\/\/www.accademiasilviodamico.it\/en\/wp-json\/wp\/v2\/pages\/6862","targetHints":{"allow":["GET"]}}],"collection":[{"href":"https:\/\/www.accademiasilviodamico.it\/en\/wp-json\/wp\/v2\/pages"}],"about":[{"href":"https:\/\/www.accademiasilviodamico.it\/en\/wp-json\/wp\/v2\/types\/page"}],"author":[{"embeddable":true,"href":"https:\/\/www.accademiasilviodamico.it\/en\/wp-json\/wp\/v2\/users\/5"}],"replies":[{"embeddable":true,"href":"https:\/\/www.accademiasilviodamico.it\/en\/wp-json\/wp\/v2\/comments?post=6862"}],"version-history":[{"count":5,"href":"https:\/\/www.accademiasilviodamico.it\/en\/wp-json\/wp\/v2\/pages\/6862\/revisions"}],"predecessor-version":[{"id":22506,"href":"https:\/\/www.accademiasilviodamico.it\/en\/wp-json\/wp\/v2\/pages\/6862\/revisions\/22506"}],"up":[{"embeddable":true,"href":"https:\/\/www.accademiasilviodamico.it\/en\/wp-json\/wp\/v2\/pages\/6867"}],"wp:attachment":[{"href":"https:\/\/www.accademiasilviodamico.it\/en\/wp-json\/wp\/v2\/media?parent=6862"}],"curies":[{"name":"wp","href":"https:\/\/api.w.org\/{rel}","templated":true}]}}